{"id":421,"date":"2020-07-15T12:36:01","date_gmt":"2020-07-15T12:36:01","guid":{"rendered":"http:\/\/grada.wp\/ozark\/?page_id=421"},"modified":"2026-01-21T14:54:57","modified_gmt":"2026-01-21T14:54:57","slug":"about-me-2","status":"publish","type":"page","link":"https:\/\/nicolasgillier.com\/?page_id=421","title":{"rendered":"A propos"},"content":{"rendered":"\t\t<div data-elementor-type=\"wp-page\" data-elementor-id=\"421\" class=\"elementor elementor-421\">\n\t\t\t\t\t\t<section class=\"elementor-section elementor-top-section elementor-element elementor-element-63961e6 elementor-section-boxed elementor-section-height-default elementor-section-height-default gs-locked-section-no\" data-id=\"63961e6\" data-element_type=\"section\" data-e-type=\"section\">\n\t\t\t\t\t\t<div class=\"elementor-container elementor-column-gap-default\">\n\t\t\t\t\t<div class=\"elementor-column elementor-col-100 elementor-top-column elementor-element elementor-element-28cf583\" data-id=\"28cf583\" data-element_type=\"column\" data-e-type=\"column\">\n\t\t\t<div class=\"elementor-widget-wrap elementor-element-populated\">\n\t\t\t\t\t\t<div class=\"elementor-element elementor-element-c1c0db9 elementor-widget elementor-widget-spacer\" data-id=\"c1c0db9\" data-element_type=\"widget\" data-e-type=\"widget\" data-widget_type=\"spacer.default\">\n\t\t\t\t<div class=\"elementor-widget-container\">\n\t\t\t\t\t\t\t<div class=\"elementor-spacer\">\n\t\t\t<div class=\"elementor-spacer-inner\"><\/div>\n\t\t<\/div>\n\t\t\t\t\t\t<\/div>\n\t\t\t\t<\/div>\n\t\t\t\t<div class=\"elementor-element elementor-element-9c61af2 animated-slow elementor-invisible elementor-widget elementor-widget-image\" data-id=\"9c61af2\" data-element_type=\"widget\" data-e-type=\"widget\" data-settings=\"{&quot;_animation&quot;:&quot;fadeInUp&quot;,&quot;_animation_delay&quot;:200}\" data-widget_type=\"image.default\">\n\t\t\t\t<div class=\"elementor-widget-container\">\n\t\t\t\t\t\t\t\t\t\t\t\t\t\t\t<img fetchpriority=\"high\" decoding=\"async\" width=\"1024\" height=\"576\" src=\"https:\/\/nicolasgillier.com\/wp-content\/uploads\/2022\/07\/Hello_04-1024x576.png\" class=\"attachment-large size-large wp-image-5897\" alt=\"\" srcset=\"https:\/\/nicolasgillier.com\/wp-content\/uploads\/2022\/07\/Hello_04-1024x576.png 1024w, https:\/\/nicolasgillier.com\/wp-content\/uploads\/2022\/07\/Hello_04-300x169.png 300w, https:\/\/nicolasgillier.com\/wp-content\/uploads\/2022\/07\/Hello_04-768x432.png 768w, https:\/\/nicolasgillier.com\/wp-content\/uploads\/2022\/07\/Hello_04-1536x864.png 1536w, https:\/\/nicolasgillier.com\/wp-content\/uploads\/2022\/07\/Hello_04-600x338.png 600w, https:\/\/nicolasgillier.com\/wp-content\/uploads\/2022\/07\/Hello_04.png 1920w\" sizes=\"(max-width: 1024px) 100vw, 1024px\" \/>\t\t\t\t\t\t\t\t\t\t\t\t\t\t\t<\/div>\n\t\t\t\t<\/div>\n\t\t\t\t<section class=\"elementor-section elementor-inner-section elementor-element elementor-element-47d6781 elementor-section-boxed elementor-section-height-default elementor-section-height-default gs-locked-section-no\" data-id=\"47d6781\" data-element_type=\"section\" data-e-type=\"section\">\n\t\t\t\t\t\t<div class=\"elementor-container elementor-column-gap-wider\">\n\t\t\t\t\t<div class=\"elementor-column elementor-col-100 elementor-inner-column elementor-element elementor-element-dc9feb6\" data-id=\"dc9feb6\" data-element_type=\"column\" data-e-type=\"column\">\n\t\t\t<div class=\"elementor-widget-wrap elementor-element-populated\">\n\t\t\t\t\t\t<div class=\"elementor-element elementor-element-df1bf2f elementor-widget-mobile__width-inherit animated-slow elementor-invisible elementor-widget elementor-widget-heading\" data-id=\"df1bf2f\" data-element_type=\"widget\" data-e-type=\"widget\" data-settings=\"{&quot;_animation&quot;:&quot;fadeInUp&quot;,&quot;_animation_delay&quot;:200}\" data-widget_type=\"heading.default\">\n\t\t\t\t<div class=\"elementor-widget-container\">\n\t\t\t\t\t<h4 class=\"elementor-heading-title elementor-size-default\">Je suis\nNicolas Gillier,<\/h4>\t\t\t\t<\/div>\n\t\t\t\t<\/div>\n\t\t\t\t<div class=\"elementor-element elementor-element-9cd1a85 animated-slow elementor-invisible elementor-widget elementor-widget-text-editor\" data-id=\"9cd1a85\" data-element_type=\"widget\" data-e-type=\"widget\" data-settings=\"{&quot;_animation&quot;:&quot;fadeInUp&quot;,&quot;_animation_delay&quot;:200}\" data-widget_type=\"text-editor.default\">\n\t\t\t\t<div class=\"elementor-widget-container\">\n\t\t\t\t\t\t\t\t\t<p>graphiste print et web bas\u00e9 \u00e0 Lyon.\u00a0<br \/>Je suis curieux, passionn\u00e9 et m&#8217;int\u00e9resse \u00e0 l&#8217;art et \u00e0 la culture sous toutes ses formes.\u00a0Ce site pr\u00e9sente une liste non-exhaustive des travaux que j&#8217;ai pu effectuer au fil des ann\u00e9es.\u00a0Ceux-ci sont repr\u00e9sentatifs, je le crois,\u00a0de ma personnalit\u00e9, de ma mani\u00e8re de travailler\u00a0et de mes capacit\u00e9s \u00e0 m\u2019adapter\u00a0\u00e0 diff\u00e9rents types de projets. J&#8217;esp\u00e8re que ceux-ci sauront vous donner l&#8217;envie d&#8217;une collaboration future.<br \/>Merci de votre attention.\u00a0<\/p>\t\t\t\t\t\t\t\t<\/div>\n\t\t\t\t<\/div>\n\t\t\t\t<div class=\"elementor-element elementor-element-f5a3fad elementor-widget elementor-widget-spacer\" data-id=\"f5a3fad\" data-element_type=\"widget\" data-e-type=\"widget\" data-widget_type=\"spacer.default\">\n\t\t\t\t<div class=\"elementor-widget-container\">\n\t\t\t\t\t\t\t<div class=\"elementor-spacer\">\n\t\t\t<div class=\"elementor-spacer-inner\"><\/div>\n\t\t<\/div>\n\t\t\t\t\t\t<\/div>\n\t\t\t\t<\/div>\n\t\t\t\t<div class=\"elementor-element elementor-element-8767735 animated-slow elementor-invisible elementor-widget elementor-widget-text-editor\" data-id=\"8767735\" data-element_type=\"widget\" data-e-type=\"widget\" data-settings=\"{&quot;_animation&quot;:&quot;fadeInUp&quot;,&quot;_animation_delay&quot;:200}\" data-widget_type=\"text-editor.default\">\n\t\t\t\t<div class=\"elementor-widget-container\">\n\t\t\t\t\t\t\t\t\t<p><em>I am Nicolas Gillier,<\/em>&nbsp;a&nbsp;<em>print and web graphic designer based in Lyon.<\/em>&nbsp;<br><em>I am curious, passionated <\/em><em>and interested in all form of arts and culture.<\/em>&nbsp;<em>This website highlights a selection <\/em><em>of my work through the years.&nbsp;<\/em><em>I think they are representative <\/em><em>of my personality, my work habits <\/em><em>and my ability to adapt <\/em><em>to many different kind of projects. <\/em><em>I hope these can spark <\/em><em>the desire for a future collaboration.<\/em>&nbsp;<br><em>Thanks for your attention.<\/em><\/p>\t\t\t\t\t\t\t\t<\/div>\n\t\t\t\t<\/div>\n\t\t\t\t<div class=\"elementor-element elementor-element-b55fa96 elementor-widget elementor-widget-spacer\" data-id=\"b55fa96\" data-element_type=\"widget\" data-e-type=\"widget\" data-widget_type=\"spacer.default\">\n\t\t\t\t<div class=\"elementor-widget-container\">\n\t\t\t\t\t\t\t<div class=\"elementor-spacer\">\n\t\t\t<div class=\"elementor-spacer-inner\"><\/div>\n\t\t<\/div>\n\t\t\t\t\t\t<\/div>\n\t\t\t\t<\/div>\n\t\t\t\t<div class=\"elementor-element elementor-element-b1820f0 animated-slow elementor-invisible elementor-widget elementor-widget-heading\" data-id=\"b1820f0\" data-element_type=\"widget\" data-e-type=\"widget\" data-settings=\"{&quot;_animation&quot;:&quot;fadeInUp&quot;,&quot;_animation_delay&quot;:200}\" data-widget_type=\"heading.default\">\n\t\t\t\t<div class=\"elementor-widget-container\">\n\t\t\t\t\t<h4 class=\"elementor-heading-title elementor-size-default\">\u00c0 propos \/ About<\/h4>\t\t\t\t<\/div>\n\t\t\t\t<\/div>\n\t\t\t\t<div class=\"elementor-element elementor-element-faf3f01 elementor-widget__width-initial animated-slow elementor-invisible elementor-widget elementor-widget-text-editor\" data-id=\"faf3f01\" data-element_type=\"widget\" data-e-type=\"widget\" data-settings=\"{&quot;_animation&quot;:&quot;fadeInUp&quot;,&quot;_animation_delay&quot;:200}\" data-widget_type=\"text-editor.default\">\n\t\t\t\t<div class=\"elementor-widget-container\">\n\t\t\t\t\t\t\t\t\t<p>Dipl\u00f4m\u00e9 en 2008 en Communication Visuelle apr\u00e8s mes \u00e9tudes \u00e0 l&#8217;\u00e9cole Arts Appliqu\u00e9s Bellecour de Lyon (aujourd&#8217;hui Bellecour Art), j&#8217;ai r\u00e9alis\u00e9 de nombreux stages, aussi bien en agence de communication (Com Edi \u00e0 Chalon-Sur-Sa\u00f4ne, Jump groupe TBWA \u00e0 Lyon), qu&#8217;au sein d&#8217;associations \u0153uvrant dans l&#8217;univers musical (Jarring Effects et Mediatione \u00e0 Lyon). <br \/>J&#8217;ai ensuite effectu\u00e9 mes armes, en tant que graphiste ex\u00e9cutant, chez Faena \u00e0 Valence. C&#8217;est fort de cette premi\u00e8re exp\u00e9rience que j&#8217;ai pu devenir Directeur Artistique Junior au sein de Magazine, agence de communication situ\u00e9e \u00e0 Lyon.<br \/>Apr\u00e8s plusieurs ann\u00e9es pass\u00e9s l\u00e0-bas, de nombreux souvenirs et une exp\u00e9rience riche, j&#8217;ai d\u00e9cid\u00e9 de voler de mes propres ailes pour travailler en free-lance.<\/p><p><em>I graduated in 2008 in Visual Communication after studying in Bellecour Art school in Lyon, formerly known as Arts Appliqu\u00e9s Bellecour, which gave me the opportunity to do several internships, in\u00a0<\/em><i>advertisement agencies (Com Edi in Chalon-Sur-Sa\u00f4ne, Jump TBWA group in Lyon) as well as in associations in the musical field\u00a0(Jarring Effects and Mediatione in Lyon).<br \/><\/i><i>I then\u00a0earned my stripes as a graphic designer in Faena in Valence.<\/i>\u00a0<i>On the\u00a0strength of this first\u00a0experience, I became Junior\u00a0Art Director by joining Magazine, a communication agency located in Lyon.<br \/><\/i><i>After several years working there, many memories and a rich experience, I decided to stand on my own feet and become a free-lancer.<\/i><\/p>\t\t\t\t\t\t\t\t<\/div>\n\t\t\t\t<\/div>\n\t\t\t\t<div class=\"elementor-element elementor-element-b9628d2 animated-slow elementor-invisible elementor-widget elementor-widget-heading\" data-id=\"b9628d2\" data-element_type=\"widget\" data-e-type=\"widget\" data-settings=\"{&quot;_animation&quot;:&quot;fadeInUp&quot;,&quot;_animation_delay&quot;:200}\" data-widget_type=\"heading.default\">\n\t\t\t\t<div class=\"elementor-widget-container\">\n\t\t\t\t\t<h4 class=\"elementor-heading-title elementor-size-default\">Comp\u00e9tences \/ Skills<\/h4>\t\t\t\t<\/div>\n\t\t\t\t<\/div>\n\t\t\t\t<div class=\"elementor-element elementor-element-37ca8c0 elementor-widget__width-initial elementor-invisible elementor-widget elementor-widget-text-editor\" data-id=\"37ca8c0\" data-element_type=\"widget\" data-e-type=\"widget\" data-settings=\"{&quot;_animation&quot;:&quot;fadeInUp&quot;,&quot;_animation_delay&quot;:200}\" data-widget_type=\"text-editor.default\">\n\t\t\t\t<div class=\"elementor-widget-container\">\n\t\t\t\t\t\t\t\t\t<p>Indesign<br \/>Illustrator<br \/>Photoshop<span class=\"Apple-converted-space\"><br \/><\/span>Animate<br \/>After Effects<br \/>Premiere<br \/>WordPress<br \/>Elementor<\/p>\t\t\t\t\t\t\t\t<\/div>\n\t\t\t\t<\/div>\n\t\t\t\t<div class=\"elementor-element elementor-element-769aa16 elementor-widget__width-initial animated-slow elementor-invisible elementor-widget elementor-widget-text-editor\" data-id=\"769aa16\" data-element_type=\"widget\" data-e-type=\"widget\" data-settings=\"{&quot;_animation&quot;:&quot;fadeInUp&quot;,&quot;_animation_delay&quot;:200}\" data-widget_type=\"text-editor.default\">\n\t\t\t\t<div class=\"elementor-widget-container\">\n\t\t\t\t\t\t\t\t\t<p>\u2022 \u2022 \u2022 \u2022 \u2022<br \/>\u2022 \u2022 \u2022 \u2022 \u2022<br \/>\u2022 \u2022 \u2022 \u2022<br \/>\u2022 \u2022 \u2022<br \/>\u2022 \u2022<br \/>\u2022 \u2022<br \/>\u2022 \u2022 \u2022<br \/>\u2022 \u2022 \u2022<\/p>\t\t\t\t\t\t\t\t<\/div>\n\t\t\t\t<\/div>\n\t\t\t\t<div class=\"elementor-element elementor-element-bab0cf1 animated-slow elementor-invisible elementor-widget elementor-widget-heading\" data-id=\"bab0cf1\" data-element_type=\"widget\" data-e-type=\"widget\" data-settings=\"{&quot;_animation&quot;:&quot;fadeInUp&quot;,&quot;_animation_delay&quot;:200}\" data-widget_type=\"heading.default\">\n\t\t\t\t<div class=\"elementor-widget-container\">\n\t\t\t\t\t<h4 class=\"elementor-heading-title elementor-size-default\"><span class=\"elementor-heading-title elementor-size-default elementor-inline-editing pen\" data-elementor-setting-key=\"title\" data-pen-placeholder=\"Type Here...\" style=\"font-family: Brandon_bld, sans-serif;font-weight: 600;font-style: normal;font-size: 22px\">Clients<\/span><\/h4>\t\t\t\t<\/div>\n\t\t\t\t<\/div>\n\t\t\t\t\t<\/div>\n\t\t<\/div>\n\t\t\t\t\t<\/div>\n\t\t<\/section>\n\t\t\t\t<div class=\"elementor-element elementor-element-0c8ccab animated-slow elementor-invisible elementor-widget elementor-widget-text-editor\" data-id=\"0c8ccab\" data-element_type=\"widget\" data-e-type=\"widget\" data-settings=\"{&quot;_animation&quot;:&quot;fadeInUp&quot;,&quot;_animation_delay&quot;:200}\" data-widget_type=\"text-editor.default\">\n\t\t\t\t<div class=\"elementor-widget-container\">\n\t\t\t\t\t\t\t\t\t<p>ARS Auvergne-Rh\u00f4ne-Alpes<br>ARDI<br>Axios<br>Botanic<br>CA Consultants<br>CCI de Lyon<br>EFT-TLE Lyon<br>Grand Lyon<br>Hypercut<br>Lefranc Bourgeois<br>Moov&#8217;Up<br>Nicolas Fa\u00ff<br>Opac du Rh\u00f4ne<br>Vicat<br>R\u00e9gion Auvergne-Rh\u00f4ne-Alpes<br>Saint-\u00c9tienne M\u00e9tropole<br>Th\u00e9\u00e2tre de La Croix-Rousse<br>Winsor &amp; Newton<\/p>\t\t\t\t\t\t\t\t<\/div>\n\t\t\t\t<\/div>\n\t\t\t\t\t<\/div>\n\t\t<\/div>\n\t\t\t\t\t<\/div>\n\t\t<\/section>\n\t\t\t\t<section class=\"elementor-section elementor-top-section elementor-element elementor-element-433d10c elementor-section-boxed elementor-section-height-default elementor-section-height-default gs-locked-section-no\" data-id=\"433d10c\" data-element_type=\"section\" data-e-type=\"section\">\n\t\t\t\t\t\t<div class=\"elementor-container elementor-column-gap-default\">\n\t\t\t\t\t<div class=\"elementor-column elementor-col-100 elementor-top-column elementor-element elementor-element-0756029\" data-id=\"0756029\" data-element_type=\"column\" data-e-type=\"column\">\n\t\t\t<div class=\"elementor-widget-wrap elementor-element-populated\">\n\t\t\t\t\t\t<div class=\"elementor-element elementor-element-dfe5536 elementor-widget elementor-widget-spacer\" data-id=\"dfe5536\" data-element_type=\"widget\" data-e-type=\"widget\" data-widget_type=\"spacer.default\">\n\t\t\t\t<div class=\"elementor-widget-container\">\n\t\t\t\t\t\t\t<div class=\"elementor-spacer\">\n\t\t\t<div class=\"elementor-spacer-inner\"><\/div>\n\t\t<\/div>\n\t\t\t\t\t\t<\/div>\n\t\t\t\t<\/div>\n\t\t\t\t\t<\/div>\n\t\t<\/div>\n\t\t\t\t\t<\/div>\n\t\t<\/section>\n\t\t\t\t<\/div>\n\t\t","protected":false},"excerpt":{"rendered":"<p>Je suis Nicolas Gillier, graphiste print et web bas\u00e9 \u00e0 Lyon.\u00a0Je suis curieux, passionn\u00e9 et m&#8217;int\u00e9resse \u00e0 l&#8217;art et \u00e0 la culture sous&#8230;<\/p>\n","protected":false},"author":1,"featured_media":0,"parent":0,"menu_order":0,"comment_status":"closed","ping_status":"closed","template":"","meta":{"_acf_changed":false,"om_disable_all_campaigns":false,"_monsterinsights_skip_tracking":false,"_monsterinsights_sitenote_active":false,"_monsterinsights_sitenote_note":"","_monsterinsights_sitenote_category":0,"footnotes":""},"class_list":["post-421","page","type-page","status-publish","hentry"],"acf":[],"aioseo_notices":[],"_links":{"self":[{"href":"https:\/\/nicolasgillier.com\/index.php?rest_route=\/wp\/v2\/pages\/421","targetHints":{"allow":["GET"]}}],"collection":[{"href":"https:\/\/nicolasgillier.com\/index.php?rest_route=\/wp\/v2\/pages"}],"about":[{"href":"https:\/\/nicolasgillier.com\/index.php?rest_route=\/wp\/v2\/types\/page"}],"author":[{"embeddable":true,"href":"https:\/\/nicolasgillier.com\/index.php?rest_route=\/wp\/v2\/users\/1"}],"replies":[{"embeddable":true,"href":"https:\/\/nicolasgillier.com\/index.php?rest_route=%2Fwp%2Fv2%2Fcomments&post=421"}],"version-history":[{"count":377,"href":"https:\/\/nicolasgillier.com\/index.php?rest_route=\/wp\/v2\/pages\/421\/revisions"}],"predecessor-version":[{"id":7905,"href":"https:\/\/nicolasgillier.com\/index.php?rest_route=\/wp\/v2\/pages\/421\/revisions\/7905"}],"wp:attachment":[{"href":"https:\/\/nicolasgillier.com\/index.php?rest_route=%2Fwp%2Fv2%2Fmedia&parent=421"}],"curies":[{"name":"wp","href":"https:\/\/api.w.org\/{rel}","templated":true}]}}